{"id":16,"date":"2016-11-13T16:54:57","date_gmt":"2016-11-13T15:54:57","guid":{"rendered":"http:\/\/kreativwirtschaft.biz\/?page_id=16"},"modified":"2019-02-12T17:37:11","modified_gmt":"2019-02-12T16:37:11","slug":"personalia","status":"publish","type":"page","link":"https:\/\/kreativwirtschaft.biz\/?page_id=16","title":{"rendered":"Personalia"},"content":{"rendered":"<p><b><span style=\"font-size: 14pt;\"><img decoding=\"async\" loading=\"lazy\" class=\"alignnone wp-image-186\" src=\"http:\/\/kreativwirtschaft.biz\/wp-content\/uploads\/2016\/11\/Meissner-300x300.jpg\" alt=\"meissner\" width=\"127\" height=\"127\" srcset=\"https:\/\/kreativwirtschaft.biz\/wp-content\/uploads\/2016\/11\/Meissner-300x300.jpg 300w, https:\/\/kreativwirtschaft.biz\/wp-content\/uploads\/2016\/11\/Meissner-150x150.jpg 150w, https:\/\/kreativwirtschaft.biz\/wp-content\/uploads\/2016\/11\/Meissner-230x230.jpg 230w, https:\/\/kreativwirtschaft.biz\/wp-content\/uploads\/2016\/11\/Meissner-350x350.jpg 350w, https:\/\/kreativwirtschaft.biz\/wp-content\/uploads\/2016\/11\/Meissner-480x480.jpg 480w, https:\/\/kreativwirtschaft.biz\/wp-content\/uploads\/2016\/11\/Meissner.jpg 640w\" sizes=\"(max-width: 127px) 100vw, 127px\" \/> David-Joshua Meissner<br \/>\n<\/span><\/b><\/p>\n<p><strong><span style=\"font-size: 12pt;\">Vereinsvorstand<\/span><\/strong><b><br \/>\n<\/b><a href=\"mailto:info(at)kreativwirtschaft.biz?subject=KWD%20Site%20Anfrage\"><b>E-Mail<\/b><\/a><br \/>\n<span style=\"font-size: 12pt;\">Social Presencing Theater &#8211; Alanus Hochschule f\u00fcr Kunst &amp; Gesellschaft<\/span><\/p>\n<p>&nbsp;<\/p>\n<p><b><img decoding=\"async\" loading=\"lazy\" class=\"alignnone wp-image-187\" src=\"http:\/\/kreativwirtschaft.biz\/wp-content\/uploads\/2016\/11\/AntonWintermantel-268x300.jpg\" alt=\"antonwintermantel\" width=\"127\" height=\"143\" srcset=\"https:\/\/kreativwirtschaft.biz\/wp-content\/uploads\/2016\/11\/AntonWintermantel-268x300.jpg 268w, https:\/\/kreativwirtschaft.biz\/wp-content\/uploads\/2016\/11\/AntonWintermantel-768x859.jpg 768w, https:\/\/kreativwirtschaft.biz\/wp-content\/uploads\/2016\/11\/AntonWintermantel-915x1024.jpg 915w, https:\/\/kreativwirtschaft.biz\/wp-content\/uploads\/2016\/11\/AntonWintermantel-830x928.jpg 830w, https:\/\/kreativwirtschaft.biz\/wp-content\/uploads\/2016\/11\/AntonWintermantel-230x257.jpg 230w, https:\/\/kreativwirtschaft.biz\/wp-content\/uploads\/2016\/11\/AntonWintermantel-350x391.jpg 350w, https:\/\/kreativwirtschaft.biz\/wp-content\/uploads\/2016\/11\/AntonWintermantel-480x537.jpg 480w, https:\/\/kreativwirtschaft.biz\/wp-content\/uploads\/2016\/11\/AntonWintermantel.jpg 1164w\" sizes=\"(max-width: 127px) 100vw, 127px\" \/><span style=\"font-size: 14pt;\"> Dr. hc. Anton Ch. Becker<br \/>\n<\/span><\/b><\/p>\n<p><b><span style=\"font-size: 12pt;\">Referent<\/span><br \/>\n<\/b><a href=\"mailto:info(at)kreativwirtschaft.biz?subject=KWD%20Site%20Anfrage\"><b>E-Mail<\/b><\/a><br \/>\n<span style=\"font-size: 12pt;\">Initiator \/ Podiumsveranstaltungen<\/span><\/p>\n<p>&nbsp;<\/p>\n<p><img decoding=\"async\" loading=\"lazy\" class=\"alignnone wp-image-196\" src=\"http:\/\/kreativwirtschaft.biz\/wp-content\/uploads\/2016\/11\/Helmut-Groschwitz.jpg\" alt=\"helmut-groschwitz\" width=\"130\" height=\"130\" srcset=\"https:\/\/kreativwirtschaft.biz\/wp-content\/uploads\/2016\/11\/Helmut-Groschwitz.jpg 152w, https:\/\/kreativwirtschaft.biz\/wp-content\/uploads\/2016\/11\/Helmut-Groschwitz-150x150.jpg 150w\" sizes=\"(max-width: 130px) 100vw, 130px\" \/><span style=\"font-size: 14pt;\"> <strong>Dr. Helmut Groschwitz<\/strong><\/span><\/p>\n<p><strong><span style=\"font-size: 12pt;\">Berater f\u00fcr sprachliche und kulturelle Produktionen<\/span><\/strong><\/p>\n<p><span style=\"font-size: 12pt;\">Universit\u00e4t Regensburg (vormals Universit\u00e4t Bonn)<\/span><\/p>\n<p>&nbsp;<\/p>\n<p><img decoding=\"async\" loading=\"lazy\" class=\"alignnone wp-image-197\" src=\"http:\/\/kreativwirtschaft.biz\/wp-content\/uploads\/2016\/11\/Tim_Richter-300x200.jpg\" alt=\"tim_richter\" width=\"138\" height=\"92\" srcset=\"https:\/\/kreativwirtschaft.biz\/wp-content\/uploads\/2016\/11\/Tim_Richter.jpg 300w, https:\/\/kreativwirtschaft.biz\/wp-content\/uploads\/2016\/11\/Tim_Richter-230x153.jpg 230w\" sizes=\"(max-width: 138px) 100vw, 138px\" \/><span style=\"font-size: 14pt;\"> <strong>Tim Richter<\/strong><\/span><\/p>\n<p><strong><span style=\"font-size: 12pt;\">Projektreferent Medien<\/span><\/strong><\/p>\n<p><span style=\"font-size: 12pt;\">Internationale Filmschule K\u00f6ln, Kunsthochschule f\u00fcr Medien, K\u00f6ln<\/span><\/p>\n<p>&nbsp;<\/p>\n<p><b><img decoding=\"async\" loading=\"lazy\" class=\" wp-image-27 alignleft\" src=\"http:\/\/kreativwirtschaft.biz\/wp-content\/uploads\/2016\/11\/Marie_Doose-filtered-2-225x300.jpeg\" alt=\"marie_doose-filtered-2\" width=\"119\" height=\"159\" srcset=\"https:\/\/kreativwirtschaft.biz\/wp-content\/uploads\/2016\/11\/Marie_Doose-filtered-2-225x300.jpeg 225w, https:\/\/kreativwirtschaft.biz\/wp-content\/uploads\/2016\/11\/Marie_Doose-filtered-2-230x306.jpeg 230w, https:\/\/kreativwirtschaft.biz\/wp-content\/uploads\/2016\/11\/Marie_Doose-filtered-2-350x466.jpeg 350w, https:\/\/kreativwirtschaft.biz\/wp-content\/uploads\/2016\/11\/Marie_Doose-filtered-2.jpeg 380w\" sizes=\"(max-width: 119px) 100vw, 119px\" \/><span style=\"font-size: 14pt;\">Laura-Maria Pr\u00e4ger<br \/>\n<\/span><\/b><\/p>\n<p><b><span style=\"font-size: 12pt;\">Assistentin des Vereinsvorstands<\/span><br \/>\n<\/b><a href=\"mailto:info(at)kreativwirtschaft.biz?subject=KWD%20Site%20Anfrage\"><b>E-Mail<\/b><\/a><\/p>\n<p>&nbsp;<\/p>\n<p>&nbsp;<\/p>\n<p>&nbsp;<\/p>\n<p>&nbsp;<\/p>\n<p><b><img decoding=\"async\" loading=\"lazy\" class=\" wp-image-29 alignleft\" src=\"http:\/\/kreativwirtschaft.biz\/wp-content\/uploads\/2016\/11\/padel-filtered-234x300.jpeg\" alt=\"padel-filtered\" width=\"118\" height=\"151\" srcset=\"https:\/\/kreativwirtschaft.biz\/wp-content\/uploads\/2016\/11\/padel-filtered-234x300.jpeg 234w, https:\/\/kreativwirtschaft.biz\/wp-content\/uploads\/2016\/11\/padel-filtered-230x295.jpeg 230w, https:\/\/kreativwirtschaft.biz\/wp-content\/uploads\/2016\/11\/padel-filtered.jpeg 276w\" sizes=\"(max-width: 118px) 100vw, 118px\" \/><span style=\"font-size: 14pt;\">Juri Padel<\/span><\/b><\/p>\n<p><span style=\"font-size: 12pt;\">Schauspieler \/ Schriftsteller<\/span><\/p>\n<p>Juri Padel hat die Schauspielschule des Theaters &#8222;der Keller&#8220; in K\u00f6ln absolviert und schloss nach seinem Studiengang der Theater- Film- und Fernsehwissenschaft an der Universit\u00e4t K\u00f6ln das Studium mit cum laude als Magister Artium ab. Juri Padels erster Auftritt in einer internationalen Filmproduktion erfolgte in dem Film: &#8222;Low Lights &#8211; eine Nacht, ein Ritual&#8220; (Litauen\/Deutschland 2009). In seiner Rolle als &#8222;Mephisto&#8220; hat Juri Padel die Kulturproduktionen von Theaterwandel bereits in das Ruhrfestspielhaus Recklinghausen, in das Rheinische Landestheater Neuss, nach Sankt Petersburg und viele andere Orte im In- und Ausland begleitet.Ausserdem tritt er als Referent und Kulturbotschafter innerhalb der Programme f\u00fcr &#8222;Deutsche Sprache und Kultur&#8220; im Ausland in Erscheinung.<\/p>\n<p>&nbsp;<\/p>\n<p><b><img decoding=\"async\" loading=\"lazy\" class=\"wp-image-33 alignleft\" src=\"http:\/\/kreativwirtschaft.biz\/wp-content\/uploads\/2016\/11\/riahi-filtered-234x300.jpeg\" alt=\"riahi-filtered\" width=\"124\" height=\"159\" srcset=\"https:\/\/kreativwirtschaft.biz\/wp-content\/uploads\/2016\/11\/riahi-filtered-234x300.jpeg 234w, https:\/\/kreativwirtschaft.biz\/wp-content\/uploads\/2016\/11\/riahi-filtered-230x295.jpeg 230w, https:\/\/kreativwirtschaft.biz\/wp-content\/uploads\/2016\/11\/riahi-filtered.jpeg 276w\" sizes=\"(max-width: 124px) 100vw, 124px\" \/><span style=\"font-size: 14pt;\">Armin Riahi<\/span><\/b><\/p>\n<p><span style=\"font-size: 12pt;\">Schauspieler<\/span><\/p>\n<p>Armin Riahi begann seine schauspielerische Ausbildung an der Schule des Theaters &#8222;Der Keller&#8220; in K\u00f6ln und nahm danach weitere f\u00fcnf jahre Privatunterricht bei einer Dozentin (Estera Stenzel) der Ernst Busch Hochschule in Berlin. Parallel dazu machte er ebenfalls privat eine klassische Gesangsausbildung in D\u00fcsseldorf bei der Operns\u00e4ngerin Sophia Rogala in D\u00fcsseldorf. Es folgten Engagements als Gast im Stadttheater Krefeld, am Rheinischen Landestheater Neuss, an der Oper D\u00fcsseldorf, am Theater M\u00fclheim an der Ruhr, an der Kom\u00f6die Bochum u.a&#8230;. Seit gut drei Jahren ist Armin mit der internationalen Produktion &#8222;Faust- der Trag\u00f6die erster Teil&#8220; und dem Mehrspartenprojekt &#8222;Faustspuren&#8220; mit dem Bonner Ensemble &#8222;Theaterwandel&#8220; in der Rolle des &#8222;Faust&#8220; an zahlreichen Staats- und Nationaltheatern weltweit auf Tournee.<\/p>\n<p>&nbsp;<\/p>\n<p><img decoding=\"async\" loading=\"lazy\" class=\"alignnone size-full wp-image-188\" src=\"http:\/\/kreativwirtschaft.biz\/wp-content\/uploads\/2016\/11\/PhillippB.Klais_.jpg\" alt=\"phillippb-klais\" width=\"140\" height=\"185\" \/><strong><span style=\"font-size: 14pt;\">\u00a0 Phillipp Benjamin Klais<\/span><\/strong><\/p>\n<p><span style=\"font-size: 12pt;\">Lichtdesigner, Technische Beratung, Gastspielbetreuung, Projektkalkulation<\/span><\/p>\n","protected":false},"excerpt":{"rendered":"<p>David-Joshua Meissner Vereinsvorstand E-Mail Social Presencing Theater &#8211; Alanus Hochschule f\u00fcr Kunst &amp; Gesellschaft &nbsp; Dr. hc. Anton Ch. Becker Referent E-Mail [&hellip;]<\/p>\n","protected":false},"author":1,"featured_media":0,"parent":0,"menu_order":0,"comment_status":"closed","ping_status":"closed","template":"","meta":[],"_links":{"self":[{"href":"https:\/\/kreativwirtschaft.biz\/index.php?rest_route=\/wp\/v2\/pages\/16"}],"collection":[{"href":"https:\/\/kreativwirtschaft.biz\/index.php?rest_route=\/wp\/v2\/pages"}],"about":[{"href":"https:\/\/kreativwirtschaft.biz\/index.php?rest_route=\/wp\/v2\/types\/page"}],"author":[{"embeddable":true,"href":"https:\/\/kreativwirtschaft.biz\/index.php?rest_route=\/wp\/v2\/users\/1"}],"replies":[{"embeddable":true,"href":"https:\/\/kreativwirtschaft.biz\/index.php?rest_route=%2Fwp%2Fv2%2Fcomments&post=16"}],"version-history":[{"count":20,"href":"https:\/\/kreativwirtschaft.biz\/index.php?rest_route=\/wp\/v2\/pages\/16\/revisions"}],"predecessor-version":[{"id":289,"href":"https:\/\/kreativwirtschaft.biz\/index.php?rest_route=\/wp\/v2\/pages\/16\/revisions\/289"}],"wp:attachment":[{"href":"https:\/\/kreativwirtschaft.biz\/index.php?rest_route=%2Fwp%2Fv2%2Fmedia&parent=16"}],"curies":[{"name":"wp","href":"https:\/\/api.w.org\/{rel}","templated":true}]}}