{"id":19,"date":"2016-11-13T16:56:45","date_gmt":"2016-11-13T15:56:45","guid":{"rendered":"http:\/\/kreativwirtschaft.biz\/?page_id=19"},"modified":"2017-07-11T05:26:16","modified_gmt":"2017-07-11T04:26:16","slug":"impressum","status":"publish","type":"page","link":"https:\/\/kreativwirtschaft.biz\/?page_id=19","title":{"rendered":"Impressum"},"content":{"rendered":"<p><b>Impressum<\/b><\/p>\n<p><b>Kreativwirtschaft Deutschland e.V.<\/b><\/p>\n<p>Eintragung ins Vereinsregister beim Amtsgericht Bonn als besonders f\u00f6rderungsw\u00fcrdig anerkannt.<\/p>\n<p>Anerkennung als Tr\u00e4ger der freien Jugendhilfe vom Landschaftsverband Rheinland (LVR) gem. \u00a7 75 SGB VIII<\/p>\n<p>Sitz in 53347 Alfter<\/p>\n<p><b>vertreten durch den 1. Vorsitzenden<\/b><\/p>\n<p>David Joshua Meissner,<\/p>\n<p>Social Presencing Theater &#8211; Alanus Hochschule f\u00fcr Kunst &amp; Gesellschaft<\/p>\n<p>53347 Alfter<\/p>\n<p><b>und den stellvertretenden Vorsitzenden<\/b><\/p>\n<p>Ralf\u00a0 T. Walendy<\/p>\n<p>Maschinenbauingenieur<\/p>\n<p>53347 Alfter<\/p>\n<p>Kassenwart:<\/p>\n<p>J\u00fcrgen Wippich<\/p>\n<p>Kulturkontakt gGmbH<\/p>\n<p>50259 Pulheim<\/p>\n<p><b>Kontakt:<br \/>\n<\/b><\/p>\n<p><b>Faxnummer +49 3212 1152157 (Internetfax)<\/b><\/p>\n<p>Eingetragen im Vereinsregister Nummer VR 9470.<\/p>\n<p>Betriebsnummer 27872735.<\/p>\n<p>Finanzamt Sankt Augustin St.Nr. 222\/5740\/1931<\/p>\n<p>Mit Bescheid vom 04.04.2013 von der K\u00f6rperschaftssteuer und Gewerbesteuer befreit.<\/p>\n<p><b>Haftungsausschluss<\/b><\/p>\n<p>Trotz sorgf\u00e4ltiger Pr\u00fcfung k\u00f6nnen wir keine Haftung f\u00fcr die Inhalte externer Links \u00fcbernehmen.<\/p>\n<p>F\u00fcr den Inhalt diese Seiten sind ausschlie\u00dflich deren Betreiber verantwortlich.<\/p>\n<p><b>Nutzungsbedingungen<\/b><\/p>\n<p>Bitte haben Sie Verst\u00e4ndnis daf\u00fcr, dass wir aufgrund der vielf\u00e4ltigen M\u00f6glichkeiten und Risiken, die das Internet bietet, zu Ihrem und unserem Schutz einige Rahmenbedingungen zur Nutzung unserer Website aufstellen m\u00fcssen, die wir Sie bitten, zu beachten:<\/p>\n<p><b>1. Inhalt des Onlineangebotes<\/b><br \/>\nKreativwirtschaft Deutschland e.V. \u00fcbernimmt keinerlei Gew\u00e4hr f\u00fcr die Aktualit\u00e4t, Korrektheit, Vollst\u00e4ndigkeit oder Qualit\u00e4t der bereitgestellten Informationen. Haftungsanspr\u00fcche gegen den Autor, welche sich auf Sch\u00e4den materieller oder ideeller Art beziehen, die durch Nutzung oder Nichtnutzung der dargebotenen Informationen bzw. durch die Nutzung fehlerhafter und unvollst\u00e4ndiger Informationen verursacht wurden, sind grunds\u00e4tzlich ausgeschlossen, sofern seitens der Kreativwirtschaft Deutschland e.V. kein nachweislich vors\u00e4tzliches oder grob fahrl\u00e4ssiges Verschulden vorliegt. Alle Angebote sind freibleibend und unverbindlich. Kreativwirtschaft Deutschland e.V.\u00a0 beh\u00e4lt es sich ausdr\u00fccklich vor, Teile der Seiten oder das gesamte Angebot ohne gesonderte Ank\u00fcndigung zu ver\u00e4ndern, zu erg\u00e4nzen, zu l\u00f6schen oder die Ver\u00f6ffentlichung zeitweise oder endg\u00fcltig einzustellen.<\/p>\n<p>Die Inhalte der Internetseiten von Kreativwirtschaft Deutschland e.V. dienen lediglich Ihrer Information und stellen keine Beratung, Empfehlung oder Aufforderung zum Kauf oder Verkauf der jeweiligen Produkte dar. Kreativwirtschaft Deutschland e.V. \u00fcbernimmt keine Gew\u00e4hrleistung f\u00fcr die Vollst\u00e4ndigkeit, Richtigkeit und Genauigkeit s\u00e4mtlicher Inhalte auf den Webseiten. Kreativwirtschaft Deutschland e.V. ist unabh\u00e4ngig von Bundesbeh\u00f6rden, Versicherungen, Emissionsh\u00e4usern, Beteilgungsgesellschaften und anderen Organisationen. Die dargestellten Texte stellen, soweit nicht anders gekennzeichnet, ausschlie\u00dflich die Meinung der Redaktion von Kreativwirtschaft Deutschland e.V. dar.<\/p>\n<p>Mit Benutzung des Internetangebotes der Kreativwirtschaft Deutschland e.V.\u00a0 kommt keinerlei Vertragsverh\u00e4ltnis, insbesondere kein Rat- oder Auskunftsvertrag, zwischen Ihnen und der Kreativwirtschaft Deutschland e.V. zustande. Insofern ergeben sich also auch keinerlei vertragliche oder quasivertragliche Anspr\u00fcche gegen Kreativwirtschaft Deutschland e.V.<\/p>\n<p><b>2. Verweise und Links <\/b><br \/>\nBei direkten oder indirekten Verweisen auf fremde Internetseiten &#8222;Links&#8220;, die au\u00dferhalb des Verantwortungsbereiches des Autors liegen, w\u00fcrde eine Haftungsverpflichtung ausschlie\u00dflich in dem Fall in Kraft treten, in dem der Autor von den Inhalten Kenntnis hat und es ihm technisch m\u00f6glich und zumutbar w\u00e4re, die Nutzung im Falle rechtswidriger Inhalte zu verhindern. Der Autor erkl\u00e4rt hiermit ausdr\u00fccklich, dass zum Zeitpunkt der Linksetzung keine illegalen Inhalte auf den zu verlinkenden Seiten erkennbar waren. Auf die aktuelle und zuk\u00fcnftige Gestaltung, die Inhalte oder die Urheberschaft der gelinkten\/verkn\u00fcpften Seiten hat der Autor keinerlei Einfluss. Deshalb distanziert er sich hiermit ausdr\u00fccklich von allen Inhalten aller gelinkten\/verkn\u00fcpften Seiten, die nach der Linksetzung ver\u00e4ndert wurden. Diese Feststellung gilt f\u00fcr alle innerhalb des eigenen Internetangebotes gesetzten Links und Verweise. F\u00fcr illegale, fehlerhafte oder unvollst\u00e4ndige Inhalte und insbesondere f\u00fcr Sch\u00e4den, die aus der Nutzung oder Nichtnutzung solcherart dargebotener Informationen entstehen, haftet allein der Anbieter der Seite, auf welche verwiesen wurde, nicht derjenige, der \u00fcber Links auf die jeweilige Ver\u00f6ffentlichung lediglich verweist.<\/p>\n<p><b>3. Urheber &#8211; und Kennzeichnungsrecht<\/b><br \/>\nKreativwirtschaft Deutschland e.V. ist bestrebt, in allen Publikationen die Urheberrechte der verwendeten Grafiken, Tondokumente, Videosequenzen und Texte zu beachten, von ihm selbst erstellte Grafiken, Tondokumente, Videosequenzen und Texte zu nutzen oder auf lizenzfreie Grafiken, Tondokumente, Videosequenzen und Texte zur\u00fcckzreifen. Alle innerhalb des Internetangebotes genannten und ggf. durch Dritte gesch\u00fctzten Marken- und Warenzeichen unterliegen uneingeschr\u00e4nkt den Bestimmungen des jeweils g\u00fcltigen Kennzeichnungsrechts und den Besitzrechten der jeweiligen eingetragenen Eigent\u00fcmer. Allein aufgrund der blo\u00dfen Nennung ist nicht der Schluss zu ziehen, dass Markenzeichen nicht durch Rechte Dritter gesch\u00fctzt sind! Das Copyright f\u00fcr ver\u00f6ffentlichte, vom Autor selbst erstellte Objekte bleibt allein beim Autor der Seiten. Eine Vervielf\u00e4ltigung oder Verwendung solcher Grafiken, Tondokumente, Videosequenzen und Texte in anderen elektronischen oder gedruckten Publikationen ist ohne ausdr\u00fcckliche Zustimmung der Kreativwirtschaft Deutschland e.V. nicht gestattet.<\/p>\n<p><b>4. M\u00f6gliche Verletzung von Copyrights <\/b><br \/>\nDie Inhalte unserer Internetseiten wurden von uns selbst zusammengestellt oder von Anderen zur Verf\u00fcgung gestellt. Obwohl wir uns dabei stetig bem\u00fchen kein bestehendes Copyright zu verletzen, ist dies aufgrund der F\u00fclle an Inhalten auf unseren Seiten nicht v\u00f6llig ausgeschlossen. In diesem Fall bitten wir um kurze, unb\u00fcrokratische Nachricht per E-Mail, damit wir den Vorgang pr\u00fcfen und den Link gegebenenfalls entfernen k\u00f6nnen.<\/p>\n<p><b>5. Abmahnungen &#8211; Nein Danke! <\/b><br \/>\nIm Falle von Domainstreitigkeiten oder wettbewerbsrechtlichen oder \u00e4hnlichen Problemen, bitte wir Sie, zu Vermeidung unn\u00f6tiger Rechtsstreite und Kosten, uns bereits im Vorfeld zu kontaktieren. Die Kostennote einer anwaltlichen Abmahnung ohne vorhergehende Kontaktaufnahme mit uns, wird im Sinne der Schadenminderungspflicht als unbegr\u00fcndet zur\u00fcckgewiesen.<\/p>\n","protected":false},"excerpt":{"rendered":"<p>Impressum Kreativwirtschaft Deutschland e.V. Eintragung ins Vereinsregister beim Amtsgericht Bonn als besonders f\u00f6rderungsw\u00fcrdig anerkannt. Anerkennung als Tr\u00e4ger der freien Jugendhilfe vom Landschaftsverband [&hellip;]<\/p>\n","protected":false},"author":1,"featured_media":0,"parent":0,"menu_order":0,"comment_status":"closed","ping_status":"closed","template":"","meta":[],"_links":{"self":[{"href":"https:\/\/kreativwirtschaft.biz\/index.php?rest_route=\/wp\/v2\/pages\/19"}],"collection":[{"href":"https:\/\/kreativwirtschaft.biz\/index.php?rest_route=\/wp\/v2\/pages"}],"about":[{"href":"https:\/\/kreativwirtschaft.biz\/index.php?rest_route=\/wp\/v2\/types\/page"}],"author":[{"embeddable":true,"href":"https:\/\/kreativwirtschaft.biz\/index.php?rest_route=\/wp\/v2\/users\/1"}],"replies":[{"embeddable":true,"href":"https:\/\/kreativwirtschaft.biz\/index.php?rest_route=%2Fwp%2Fv2%2Fcomments&post=19"}],"version-history":[{"count":4,"href":"https:\/\/kreativwirtschaft.biz\/index.php?rest_route=\/wp\/v2\/pages\/19\/revisions"}],"predecessor-version":[{"id":225,"href":"https:\/\/kreativwirtschaft.biz\/index.php?rest_route=\/wp\/v2\/pages\/19\/revisions\/225"}],"wp:attachment":[{"href":"https:\/\/kreativwirtschaft.biz\/index.php?rest_route=%2Fwp%2Fv2%2Fmedia&parent=19"}],"curies":[{"name":"wp","href":"https:\/\/api.w.org\/{rel}","templated":true}]}}